{"id":144,"date":"2025-03-04T15:19:54","date_gmt":"2025-03-04T15:19:54","guid":{"rendered":"https:\/\/terapiacercana.es\/nosotros\/"},"modified":"2026-02-06T00:52:57","modified_gmt":"2026-02-06T00:52:57","slug":"nosotros","status":"publish","type":"page","link":"https:\/\/terapiacercana.es\/it\/nosotros\/","title":{"rendered":"Nosotros"},"content":{"rendered":"<section class=\"header_14_1 background-1-light\" id=\"\" data-block-id=\"69e25cce972fd69e25cce972fe\" data-block-name=\"acf\/header-14-1\" data-post-id=\"144\" data-stable-id=\"block_6cc3554e004d12452806129a8da33d5a\">\r\n    <div class=\"container\">\r\n        <div class=\"row\">\r\n            <div class=\"col col-top\" data-aos=\"fade-up\">\r\n                                <div class=\"subtitulo color-1-headings-dark tamano6\">Apoyo psicol\u00f3gico<\/div>\r\n                                                <h1 class=\"tamano2 color-1-headings-dark\">Encuentra tu bienestar emocional con M\u00f3nica Dutilh Psic\u00f3loga<\/h1>\r\n                                                <div class=\"texto tamano7 color-1-body-dark\"><p>Acompa\u00f1amiento cercano y profesional en tu camino interior<\/p>\n<\/div>\r\n                \r\n                                <div class=\"enlaces\">\r\n                                            <a href=\"https:\/\/terapiacercana.es\/servicios\/\" target=\"\" class=\"btn-round tamano-7-mediumcta color-boton-3-texto-normal color-boton-3-texto-hover color-boton-3-normal color-boton-3-hover\">\r\n    \r\n    <span>Ver m\u00e1s<\/span>\r\n<\/a>\r\n\r\n<style>\r\n    .btn-border-rounded {\r\n        border-radius: 12px !important;\r\n    }\r\n\r\n    .btn-border-square {\r\n        border-radius: 0 !important;\r\n    }\r\n\r\n    \/* Estilos de hover *\/\r\n    .btn-hover-hover1:hover {\r\n        filter: contrast(0.55);\r\n    }\r\n\r\n    .btn-hover-hover2:hover {\r\n        filter: sepia(2);\r\n    }\r\n\r\n    \/* Estilos del icono cuando existe *\/\r\n    a i {\r\n        margin-right: 8px;\r\n        font-size: 16px;\r\n    }\r\n\r\n    \/* Icono Lucide *\/\r\n    .btn-icon--lucide {\r\n        display: inline-flex;\r\n        align-items: center;\r\n        justify-content: center;\r\n        margin-right: 8px;\r\n    }\r\n\r\n    .btn-icon--lucide svg {\r\n        width: 16px;\r\n        height: 16px;\r\n        display: block;\r\n    }\r\n<\/style>\r\n                    \r\n                                    <\/div>\r\n                            <\/div>\r\n        <\/div>\r\n    <\/div>\r\n            <div class=\"imagen\" data-aos=\"zoom-in\" style=\"background-image:url('https:\/\/terapiacercana.es\/wp-content\/uploads\/2025\/03\/Leonardo_Vision_XL_Crea_una_imagen_para_el_encabezado_de_una_w_0.jpg');\"\r\n            aria-label=\"Apoyo psicol\u00f3gico para tu bienestar\"><\/div>\r\n    <\/section>\r\n<style>\r\n    .header_14_1 {\r\n        height: 100%;\r\n        max-height: 1081px;\r\n    }\r\n\r\n    .header_14_1 .btn-round {\r\n        border-radius: 60px;\r\n        padding: 12px 25px;\r\n        display: inline-block;\r\n        min-width: 175px;\r\n        text-align: center;\r\n        text-decoration: none;\r\n    }\r\n\r\n    .header_14_1 .btn-round.secundario {\r\n        background-color: var(--color-boton-3-hover);\r\n        color: var(--color-boton-3-texto-hover);\r\n    }\r\n\r\n    .header_14_1 .btn-round.secundario:hover {\r\n        background-color: var(--color-boton-3-normal);\r\n        color: var(--color-boton-3-texto-normal);\r\n    }\r\n\r\n    .header_14_1 .subtitulo {\r\n        padding-bottom: 22px;\r\n    }\r\n\r\n    .header_14_1 .col-top h1 {\r\n        padding-bottom: 22px;\r\n    }\r\n\r\n    .header_14_1 .col-top {\r\n        height: 100%;\r\n        min-height: calc(51dvh - 150px);\r\n        display: flex;\r\n        flex-direction: column;\r\n        justify-content: center;\r\n        align-items: center;\r\n\r\n        max-width: 1230px;\r\n        margin: 0 auto;\r\n        text-align: center;\r\n        padding: 50px 50px 102px;\r\n    }\r\n\r\n    .header_14_1 .imagen {\r\n        height: 500px;\r\n        background-position: center;\r\n        background-repeat: no-repeat;\r\n        background-size: cover;\r\n    }\r\n\r\n    .header_14_1 .enlaces {\r\n        display: inline-flex;\r\n        gap: 25px;\r\n        flex-wrap: wrap;\r\n        margin-top: 35px;\r\n        justify-content: center;\r\n    }\r\n\r\n    @media (max-width:992px) {\r\n        .header_14_1 {\r\n            height: auto;\r\n            max-height: initial;\r\n        }\r\n\r\n        .header_14_1 .col-top {\r\n            min-height: initial;\r\n            padding: 30px 0 50px;\r\n        }\r\n\r\n        .header_14_1 .imagen {\r\n            max-height: 284px;\r\n        }\r\n    }\r\n\r\n    @media (max-width:768px) {\r\n        .header_14_1 .col-top h1 {\r\n            line-height: var(--tamano3-line-height);\r\n        }\r\n    }\r\n\r\n    @media (max-width:400px) {\r\n        .header_14_1 .row {\r\n            margin: 0;\r\n        }\r\n    }\r\n<\/style>\r\n<section class=\"aboutus_14_1 background-1-light\" id=\"\"\r\n    original-block-id=\"block_792688f2c87700f9f74927354ed42ebd\" data-block-id=\"69e25cce9a13a69e25cce9a13b\" data-block-name=\"acf\/about-us-14-1\" data-post-id=\"144\" data-stable-id=\"block_792688f2c87700f9f74927354ed42ebd\">\r\n    <div class=\"container\">\r\n        <div class=\"row\" data-aos=\"fade-up\">\r\n            <div class=\"col col-titulo\">\r\n                                <h2 class=\"titulo tamano2 color-1-headings-dark\"><span class=\"ez-toc-section\" id=\"Encuentra_apoyo_profesional_y_cercano_con_Monica_Dutilh_tu_psicologa_de_confianza\"><\/span>Encuentra apoyo profesional y cercano con M\u00f3nica Dutilh, tu psic\u00f3loga de confianza<span class=\"ez-toc-section-end\"><\/span><\/h2>\r\n                            <\/div>\r\n            <div class=\"col col-down\">\r\n\r\n                                <div class=\"textos\">\r\n                                        <div class=\"texto color-1-body-dark tamano7\">\r\n                        <p>\u00a1Hola y bienvenido! Soy M\u00f3nica Dutilh, psic\u00f3loga sanitaria comprometida con proporcionar un ambiente seguro y acogedor para ti. Mi enfoque es principalmente humanista, lo que significa que valoro el v\u00ednculo que creamos juntos en cada sesi\u00f3n. S\u00e9 que el camino de la terapia puede ser un reto, pero no tienes por qu\u00e9 recorrerlo solo. Aqu\u00ed, la empat\u00eda y la comprensi\u00f3n son la base de todo lo que hacemos. Mi objetivo es hacerte sentir escuchado y comprendido, porque fomentar una relaci\u00f3n de confianza es clave para el \u00e9xito terap\u00e9utico. Ya est\u00e9s lidiando con ansiedad, estr\u00e9s o simplemente est\u00e9s buscando una mano amiga para guiarte en tus emociones, estoy aqu\u00ed para ayudarte a sanar y crecer. Hablemos y trabajemos juntos para encontrar las herramientas que te ayuden a vivir una vida m\u00e1s plena y feliz. Tu bienestar es mi prioridad.<\/p>\n                    <\/div>\r\n                    \r\n                                        <div class=\"texto color-1-body-dark tamano7 hide\">\r\n                        <p>En nuestro espacio, el di\u00e1logo abierto y sincero es fundamental. Cada sesi\u00f3n es una oportunidad para explorar tus pensamientos y sentimientos en un ambiente de total confianza. Con un enfoque humanista en el coraz\u00f3n de mi pr\u00e1ctica, me esfuerzo por ofrecer mucho m\u00e1s que simples consejos, te ofrezco un acompa\u00f1amiento real y significativo. La terapia es una colaboraci\u00f3n, y juntos podemos identificar y cambiar patrones que no te benefician. Ya sea para enfrentar la ansiedad, mejorar tus relaciones, o simplemente entenderte mejor a ti mismo, estar\u00e9 contigo en cada paso del camino. Vamos a crear un plan personal que sea justo para ti, porque este es tu viaje y mereces sentirte en control de tu propio destino. Estoy aqu\u00ed para ayudarte a descubrir tu mejor versi\u00f3n y apoyarte en cada fase del proceso.<\/p>\n                    <\/div>\r\n                                    <\/div>\r\n\r\n                                <div class=\"vermas tamano7 boton-4-texto-normal\">\r\n                    <span class=\"mas tamano7 boton-4-texto-normal\">Leggi di pi\u00f9<\/span>\r\n                    <span class=\"menos hide tamano7 boton-4-texto-normal\">Leggi di meno<\/span>\r\n                    <svg width=\"13\" height=\"8\" viewBox=\"0 0 13 8\" fill=\"none\"\r\n                        xmlns=\"http:\/\/www.w3.org\/2000\/svg\">\r\n                        <path id=\"Vector 14\" d=\"M1 1L6.5 6.5L12 1\" stroke=\"currentColor\" stroke-width=\"1.5\" \/>\r\n                    <\/svg>\r\n                <\/div>\r\n                                \r\n                                    <a href=\"#\" target=\"\" class=\"btn-round tamano-7-mediumcta color-boton-1-texto-normal color-boton-1-texto-hover color-boton-1-normal color-boton-1-hover\">\r\n    \r\n    <span>Cont\u00e1ctame<\/span>\r\n<\/a>\r\n\r\n<style>\r\n    .btn-border-rounded {\r\n        border-radius: 12px !important;\r\n    }\r\n\r\n    .btn-border-square {\r\n        border-radius: 0 !important;\r\n    }\r\n\r\n    \/* Estilos de hover *\/\r\n    .btn-hover-hover1:hover {\r\n        filter: contrast(0.55);\r\n    }\r\n\r\n    .btn-hover-hover2:hover {\r\n        filter: sepia(2);\r\n    }\r\n\r\n    \/* Estilos del icono cuando existe *\/\r\n    a i {\r\n        margin-right: 8px;\r\n        font-size: 16px;\r\n    }\r\n\r\n    \/* Icono Lucide *\/\r\n    .btn-icon--lucide {\r\n        display: inline-flex;\r\n        align-items: center;\r\n        justify-content: center;\r\n        margin-right: 8px;\r\n    }\r\n\r\n    .btn-icon--lucide svg {\r\n        width: 16px;\r\n        height: 16px;\r\n        display: block;\r\n    }\r\n<\/style>\r\n                \r\n            <\/div>\r\n        <\/div>\r\n    <\/div>\r\n<\/section>\r\n<style>\r\n    .aboutus_14_1 .vermas .hide {\r\n        display: none;\r\n    }\r\n\r\n    .aboutus_14_1 .vermas.show svg {\r\n        transform: rotate(180deg);\r\n    }\r\n\r\n    .aboutus_14_1 .vermas {\r\n        display: none;\r\n        margin-top: 20px;\r\n        align-items: center;\r\n        gap: 10px;\r\n        cursor: pointer;\r\n    }\r\n\r\n    .aboutus_14_1 .vermas span {\r\n        font-weight: var(--tamano5-font-weight);\r\n    }\r\n\r\n    .aboutus_14_1 .btn-round {\r\n        border-radius: 60px;\r\n        padding: 12px 25px !important;\r\n        display: inline-block;\r\n        min-width: 175px;\r\n        text-align: center;\r\n        text-decoration: none;\r\n        margin-top: 40px;\r\n    }\r\n\r\n    .aboutus_14_1 .texto {\r\n        display: flex;\r\n        flex-direction: column;\r\n        gap: 20px;\r\n    }\r\n\r\n    .aboutus_14_1 h2 {\r\n        padding-bottom: 55px;\r\n    }\r\n\r\n    .aboutus_14_1 .textos .texto {\r\n        width: 50%;\r\n    }\r\n\r\n    .aboutus_14_1 .textos {\r\n        display: flex;\r\n        gap: 30px;\r\n    }\r\n\r\n    .aboutus_14_1 {\r\n        position: relative;\r\n        background-position: center;\r\n        background-repeat: no-repeat;\r\n        background-size: cover;\r\n        padding: 81px 150px;\r\n        margin-top: -1px;\r\n    }\r\n\r\n    @media (max-width:1550px) {\r\n        .aboutus_14_1 {\r\n            padding-left: 50px;\r\n            padding-right: 50px;\r\n        }\r\n    }\r\n\r\n    @media (max-width:1200px) {\r\n        .aboutus_14_1 {\r\n            padding-left: 0;\r\n            padding-right: 0;\r\n        }\r\n    }\r\n\r\n    @media (max-width:992px) {\r\n        .aboutus_14_1 .textos {\r\n            flex-direction: column;\r\n            gap: 20px;\r\n        }\r\n\r\n        .aboutus_14_1 .textos .texto {\r\n            width: 100%;\r\n        }\r\n\r\n        .aboutus_14_1 h2 {\r\n            padding-bottom: 35px;\r\n        }\r\n\r\n        .aboutus_14_1 {\r\n            padding: 40px 0;\r\n        }\r\n    }\r\n\r\n    @media (max-width: 768px) {\r\n\r\n        .aboutus_14_1 .textos .texto:first-child p:not(:first-child),\r\n        .aboutus_14_1 .textos .texto:nth-child(2) {\r\n            display: none;\r\n        }\r\n\r\n        .aboutus_14_1 .textos .texto:first-child.show p:not(:first-child),\r\n        .aboutus_14_1 .textos .texto:nth-child(2).show {\r\n            display: block;\r\n        }\r\n\r\n        .aboutus_14_1 .vermas {\r\n            display: flex;\r\n            width: max-content;\r\n        }\r\n\r\n        .aboutus_14_1 h2 {\r\n            line-height: var(--tamano4-line-height);\r\n        }\r\n    }\r\n<\/style>\r\n<script>\r\n    jQuery(document).ready(function($) {\r\n        const $instance = $('.aboutus_14_1[original-block-id=\"block_792688f2c87700f9f74927354ed42ebd\"]');\r\n\r\n        if (!$instance.length) return;\r\n\r\n        $instance.on('click', '.vermas', function() {\r\n            if (window.matchMedia(\"(max-width: 768px)\").matches) {\r\n                const $vermas = $(this);\r\n                const $textos = $instance.find('.texto');\r\n\r\n                $textos.toggleClass('show');\r\n                $vermas.toggleClass('show');\r\n                $vermas.find('span').toggleClass('hide');\r\n            }\r\n        });\r\n    });\r\n<\/script>\r\n<section class=\"galeria_2_2 background-1-dark\" id=\"\" data-block-id=\"69e25cce9b51769e25cce9b518\" data-block-name=\"acf\/galery-2-2\" data-post-id=\"144\" data-stable-id=\"block_21ab5595be2fc1fd47b6042d7a0d1d07\">\r\n    <div class=\"container\">\r\n        <div class=\"row\">\r\n            <div class=\"col col-titulo\">\r\n                                <h2 class=\"color-2-headings-light tamano2\"><span class=\"ez-toc-section\" id=\"Vinculo_Humano\"><\/span>Vinculo Humano<span class=\"ez-toc-section-end\"><\/span><\/h2>\r\n                                                <div class=\"texto color-2-body-light tamano7\"><p>\u00a1Hola! Soy M\u00f3nica, tu psic\u00f3loga de confianza. Aqu\u00ed, cada palabra y cada sonrisa cuentan. S\u00e9 que el viaje del autodescubrimiento puede ser desafiante, pero no est\u00e1s solo en esto. Mi enfoque humanista asegura que cada sesi\u00f3n sea un espacio seguro, donde la empat\u00eda y el entendimiento son esenciales. Desde la primera consulta, mi objetivo es construir un v\u00ednculo genuino contigo. Perm\u00edteme acompa\u00f1arte en el camino hacia una mente m\u00e1s sana y equilibrada. \u00bfListo para comenzar este camino juntos? Aqu\u00ed encontrar\u00e1s el apoyo que necesitas.<\/p>\n<\/div>\r\n                            <\/div>\r\n            <div class=\"col col-portfolios\">\r\n                            <\/div>\r\n\r\n                            <div class=\"col col-enlace\">\r\n                    <a href=\"https:\/\/terapiacercana.es\/contacto\/\" target=\"\" class=\"btn-round tamano-7-mediumcta color-boton-3-texto-normal color-boton-3-texto-hover color-boton-3-normal color-boton-3-hover\">\r\n    \r\n    <span>M\u00e1s Info<\/span>\r\n<\/a>\r\n\r\n<style>\r\n    .btn-border-rounded {\r\n        border-radius: 12px !important;\r\n    }\r\n\r\n    .btn-border-square {\r\n        border-radius: 0 !important;\r\n    }\r\n\r\n    \/* Estilos de hover *\/\r\n    .btn-hover-hover1:hover {\r\n        filter: contrast(0.55);\r\n    }\r\n\r\n    .btn-hover-hover2:hover {\r\n        filter: sepia(2);\r\n    }\r\n\r\n    \/* Estilos del icono cuando existe *\/\r\n    a i {\r\n        margin-right: 8px;\r\n        font-size: 16px;\r\n    }\r\n\r\n    \/* Icono Lucide *\/\r\n    .btn-icon--lucide {\r\n        display: inline-flex;\r\n        align-items: center;\r\n        justify-content: center;\r\n        margin-right: 8px;\r\n    }\r\n\r\n    .btn-icon--lucide svg {\r\n        width: 16px;\r\n        height: 16px;\r\n        display: block;\r\n    }\r\n<\/style>\r\n                <\/div>\r\n                    <\/div>\r\n    <\/div>\r\n<\/section>\r\n<style>\r\n    .galeria_2_2 .col-enlace {\r\n        padding-top: 50px;\r\n        text-align: center;\r\n    }\r\n\r\n    .galeria_2_2 .btn-round {\r\n        border-radius: 60px;\r\n        padding: 12px 25px;\r\n        display: inline-block;\r\n        min-width: 175px;\r\n        text-align: center;\r\n        text-decoration: none;\r\n    }\r\n\r\n    .galeria_2_2 .col-categorias .categorias.activo a:hover {\r\n        text-decoration: underline;\r\n    }\r\n\r\n    .galeria_2_2 .col-categorias .categorias.activo a {\r\n        text-decoration: none;\r\n    }\r\n\r\n    .galeria_2_2 .col-categorias .categorias.activo {\r\n        display: flex;\r\n        align-items: center;\r\n        flex-wrap: wrap;\r\n        gap: 15px;\r\n        position: absolute;\r\n        bottom: -24px;\r\n        background: transparent;\r\n    }\r\n\r\n    .galeria_2_2 .col-categorias .categorias {\r\n        display: none;\r\n    }\r\n\r\n    .galeria_2_2 .col-categorias {\r\n        display: flex;\r\n        margin-bottom: 35px;\r\n        position: relative;\r\n        flex-direction: column;\r\n        justify-content: end;\r\n        align-items: end;\r\n        gap: 5px;\r\n    }\r\n\r\n    .galeria_2_2 .col-categorias .actual {\r\n        display: flex;\r\n        align-items: center;\r\n        cursor: pointer;\r\n        gap: 5px;\r\n    }\r\n\r\n    .galeria_2_2 h2 {\r\n        padding-bottom: 20px;\r\n        text-align: center;\r\n    }\r\n\r\n    .galeria_2_2 .col-titulo .texto {\r\n        padding-bottom: 55px;\r\n        max-width: 585px;\r\n        margin: 0 auto;\r\n        text-align: center;\r\n    }\r\n\r\n    .galeria_2_2 .col-titulo {\r\n        max-width: 1200px;\r\n        margin: 0 auto;\r\n    }\r\n\r\n    .galeria_2_2 .portfolio-item:hover .mask,\r\n    .galeria_2_2 .portfolio-item:hover .meta {\r\n        visibility: visible;\r\n        opacity: 1;\r\n    }\r\n\r\n    .galeria_2_2 .portfolio-item .mask {\r\n        background: rgba(0, 0, 0, 0.20);\r\n        position: absolute;\r\n        top: 0;\r\n        left: 0;\r\n        width: 100%;\r\n        height: 100%;\r\n        opacity: 0;\r\n        visibility: hidden;\r\n    }\r\n\r\n    .galeria_2_2 .portfolio-item .meta {\r\n        position: relative;\r\n        visibility: hidden;\r\n        transition: all ease .3s;\r\n        opacity: 0;\r\n        width: 100%;\r\n        z-index: 1;\r\n    }\r\n\r\n    .galeria_2_2 .col-portfolios {\r\n        display: flex;\r\n        gap: 8px;\r\n        flex-wrap: wrap;\r\n    }\r\n\r\n    .galeria_2_2 .portfolio-item {\r\n        height: 309px;\r\n        width: calc(25% - 6px);\r\n        position: relative;\r\n        text-decoration: none;\r\n        display: block;\r\n        background-position: center;\r\n        background-repeat: no-repeat;\r\n        background-size: cover;\r\n        display: flex;\r\n        align-items: flex-start;\r\n        padding: 15px;\r\n    }\r\n\r\n    .galeria_2_2 .col-paginacion .pagination {\r\n        display: flex;\r\n        gap: 20px;\r\n        justify-content: center;\r\n        align-items: center;\r\n        margin-top: 55px;\r\n    }\r\n\r\n    .galeria_2_2 .col-paginacion a {\r\n        padding: 15px 35px;\r\n        display: block;\r\n        border-radius: 60px;\r\n        text-decoration: none;\r\n    }\r\n\r\n    .galeria_2_2 {\r\n        padding: 80px 0;\r\n    }\r\n\r\n    @media (max-width:1350px) {\r\n        .galeria_2_2 .portfolio-item {\r\n            height: 250px;\r\n        }\r\n    }\r\n\r\n    @media (max-width:1200px) {\r\n        .galeria_2_2 .portfolio-item {\r\n            width: calc(33.33% - 8px);\r\n        }\r\n    }\r\n\r\n    @media (max-width:992px) {\r\n        .galeria_2_2 {\r\n            padding: 40px 0;\r\n        }\r\n\r\n        .galeria_2_2 .portfolio-item {\r\n            width: calc(50% - 4px);\r\n        }\r\n    }\r\n\r\n    @media (max-width:768px) {\r\n        .galeria_2_2 .portfolio-item {\r\n            width: 100%;\r\n        }\r\n\r\n        .galeria_2_2 .col-categorias .categorias.activo {\r\n            position: relative;\r\n            bottom: 0;\r\n            row-gap: 10px;\r\n        }\r\n    }\r\n<\/style>\r\n<script>\r\n    jQuery(document).ready(function() {\r\n        jQuery(\".galeria_2_2 .portfolio-item\").fancybox();\r\n    });\r\n<\/script>\r\n","protected":false},"excerpt":{"rendered":"","protected":false},"author":0,"featured_media":0,"parent":0,"menu_order":0,"comment_status":"open","ping_status":"closed","template":"","meta":{"_acf_changed":false,"iawp_total_views":0,"footnotes":""},"class_list":["post-144","page","type-page","status-publish","hentry"],"acf":[],"yoast_head":"<!-- This site is optimized with the Yoast SEO plugin v27.4 - https:\/\/yoast.com\/product\/yoast-seo-wordpress\/ -->\n<title>Bienestar emocional con M\u00f3nica Dutilh<\/title>\n<meta name=\"description\" content=\"Encuentra apoyo psicol\u00f3gico profesional y cercano. Descubre herramientas para vivir mejor y lograr una mente equilibrada con M\u00f3nica Dutilh Psic\u00f3loga.\" \/>\n<meta name=\"robots\" content=\"index, follow, max-snippet:-1, max-image-preview:large, max-video-preview:-1\" \/>\n<link rel=\"canonical\" href=\"https:\/\/terapiacercana.es\/it\/nosotros\/\" \/>\n<meta property=\"og:locale\" content=\"it_IT\" \/>\n<meta property=\"og:type\" content=\"article\" \/>\n<meta property=\"og:title\" content=\"Bienestar emocional con M\u00f3nica Dutilh\" \/>\n<meta property=\"og:description\" content=\"Encuentra apoyo psicol\u00f3gico profesional y cercano. Descubre herramientas para vivir mejor y lograr una mente equilibrada con M\u00f3nica Dutilh Psic\u00f3loga.\" \/>\n<meta property=\"og:url\" content=\"https:\/\/terapiacercana.es\/it\/nosotros\/\" \/>\n<meta property=\"og:site_name\" content=\"M\u00f3nica Dutilh Psic\u00f3loga\" \/>\n<meta property=\"article:modified_time\" content=\"2026-02-06T00:52:57+00:00\" \/>\n<meta name=\"twitter:card\" content=\"summary_large_image\" \/>\n<!-- \/ Yoast SEO plugin. -->","yoast_head_json":{"title":"Bienestar emocional con M\u00f3nica Dutilh","description":"Encuentra apoyo psicol\u00f3gico profesional y cercano. Descubre herramientas para vivir mejor y lograr una mente equilibrada con M\u00f3nica Dutilh Psic\u00f3loga.","robots":{"index":"index","follow":"follow","max-snippet":"max-snippet:-1","max-image-preview":"max-image-preview:large","max-video-preview":"max-video-preview:-1"},"canonical":"https:\/\/terapiacercana.es\/it\/nosotros\/","og_locale":"it_IT","og_type":"article","og_title":"Bienestar emocional con M\u00f3nica Dutilh","og_description":"Encuentra apoyo psicol\u00f3gico profesional y cercano. Descubre herramientas para vivir mejor y lograr una mente equilibrada con M\u00f3nica Dutilh Psic\u00f3loga.","og_url":"https:\/\/terapiacercana.es\/it\/nosotros\/","og_site_name":"M\u00f3nica Dutilh Psic\u00f3loga","article_modified_time":"2026-02-06T00:52:57+00:00","twitter_card":"summary_large_image","schema":{"@context":"https:\/\/schema.org","@graph":[{"@type":"WebPage","@id":"https:\/\/terapiacercana.es\/it\/nosotros\/","url":"https:\/\/terapiacercana.es\/it\/nosotros\/","name":"Bienestar emocional con M\u00f3nica Dutilh","isPartOf":{"@id":"https:\/\/terapiacercana.es\/it\/#website"},"datePublished":"2025-03-04T15:19:54+00:00","dateModified":"2026-02-06T00:52:57+00:00","description":"Encuentra apoyo psicol\u00f3gico profesional y cercano. Descubre herramientas para vivir mejor y lograr una mente equilibrada con M\u00f3nica Dutilh Psic\u00f3loga.","breadcrumb":{"@id":"https:\/\/terapiacercana.es\/it\/nosotros\/#breadcrumb"},"inLanguage":"it-IT","potentialAction":[{"@type":"ReadAction","target":["https:\/\/terapiacercana.es\/it\/nosotros\/"]}]},{"@type":"BreadcrumbList","@id":"https:\/\/terapiacercana.es\/it\/nosotros\/#breadcrumb","itemListElement":[{"@type":"ListItem","position":1,"name":"Portada","item":"https:\/\/terapiacercana.es\/it\/"},{"@type":"ListItem","position":2,"name":"Nosotros"}]},{"@type":"WebSite","@id":"https:\/\/terapiacercana.es\/it\/#website","url":"https:\/\/terapiacercana.es\/it\/","name":"M\u00f3nica Dutilh Psic\u00f3loga","description":"","publisher":{"@id":"https:\/\/terapiacercana.es\/it\/#organization"},"potentialAction":[{"@type":"SearchAction","target":{"@type":"EntryPoint","urlTemplate":"https:\/\/terapiacercana.es\/it\/?s={search_term_string}"},"query-input":{"@type":"PropertyValueSpecification","valueRequired":true,"valueName":"search_term_string"}}],"inLanguage":"it-IT"},{"@type":"Organization","@id":"https:\/\/terapiacercana.es\/it\/#organization","name":"M\u00f3nica Dutilh Psic\u00f3loga","url":"https:\/\/terapiacercana.es\/it\/","logo":{"@type":"ImageObject","inLanguage":"it-IT","@id":"https:\/\/terapiacercana.es\/it\/#\/schema\/logo\/image\/","url":"https:\/\/terapiacercana.es\/wp-content\/uploads\/2025\/03\/Leonardo_Phoenix_09_Un_logotipo_elegante_y_sencillo_para_Mnica_0.jpg","contentUrl":"https:\/\/terapiacercana.es\/wp-content\/uploads\/2025\/03\/Leonardo_Phoenix_09_Un_logotipo_elegante_y_sencillo_para_Mnica_0.jpg","width":768,"height":768,"caption":"M\u00f3nica Dutilh Psic\u00f3loga"},"image":{"@id":"https:\/\/terapiacercana.es\/it\/#\/schema\/logo\/image\/"}}]}},"_links":{"self":[{"href":"https:\/\/terapiacercana.es\/it\/wp-json\/wp\/v2\/pages\/144","targetHints":{"allow":["GET"]}}],"collection":[{"href":"https:\/\/terapiacercana.es\/it\/wp-json\/wp\/v2\/pages"}],"about":[{"href":"https:\/\/terapiacercana.es\/it\/wp-json\/wp\/v2\/types\/page"}],"replies":[{"embeddable":true,"href":"https:\/\/terapiacercana.es\/it\/wp-json\/wp\/v2\/comments?post=144"}],"version-history":[{"count":3,"href":"https:\/\/terapiacercana.es\/it\/wp-json\/wp\/v2\/pages\/144\/revisions"}],"predecessor-version":[{"id":212,"href":"https:\/\/terapiacercana.es\/it\/wp-json\/wp\/v2\/pages\/144\/revisions\/212"}],"wp:attachment":[{"href":"https:\/\/terapiacercana.es\/it\/wp-json\/wp\/v2\/media?parent=144"}],"curies":[{"name":"wp","href":"https:\/\/api.w.org\/{rel}","templated":true}]}}